{"id":533,"date":"2025-12-25T03:58:26","date_gmt":"2025-12-25T03:58:26","guid":{"rendered":"https:\/\/solariumezesun.com\/?page_id=533"},"modified":"2026-03-02T16:52:00","modified_gmt":"2026-03-02T16:52:00","slug":"nos-realisations","status":"publish","type":"page","link":"https:\/\/solariumezesun.com\/en\/nos-realisations\/","title":{"rendered":"Our Video Achievements"},"content":{"rendered":"<style>.kb-row-layout-id533_442b97-0e > .kt-row-column-wrap{align-content:center;}:where(.kb-row-layout-id533_442b97-0e > .kt-row-column-wrap) > .wp-block-kadence-column{justify-content:center;}.kb-row-layout-id533_442b97-0e > .kt-row-column-wrap{column-gap:var(--global-kb-gap-lg, 4rem);row-gap:var(--global-kb-gap-md, 2rem);max-width:var( --global-content-width, 1290px );padding-left:var(--global-content-edge-padding);padding-right:var(--global-content-edge-padding);padding-top:var(--global-kb-spacing-xxl, 5rem);padding-bottom:var(--global-kb-spacing-xxl, 5rem);grid-template-columns:minmax(0, 1fr);}.kb-row-layout-id533_442b97-0e{background-color:#111214;}.kb-row-layout-id533_442b97-0e > .kt-row-layout-overlay{opacity:0.20;mix-blend-mode:multiply;}@media all and (max-width: 1024px){.kb-row-layout-id533_442b97-0e > .kt-row-column-wrap{grid-template-columns:minmax(0, 1fr);}}@media all and (max-width: 767px){.kb-row-layout-id533_442b97-0e > .kt-row-column-wrap{grid-template-columns:minmax(0, 1fr);}}<\/style><div class=\"kb-row-layout-wrap kb-row-layout-id533_442b97-0e alignfull kt-row-has-bg wp-block-kadence-rowlayout\"><div class=\"kt-row-column-wrap kt-has-1-columns kt-row-layout-equal kt-tab-layout-inherit kt-mobile-layout-row kt-row-valign-middle kb-theme-content-width\">\n<style>.kadence-column533_f0301b-59 > .kt-inside-inner-col,.kadence-column533_f0301b-59 > .kt-inside-inner-col:before{border-top-left-radius:0px;border-top-right-radius:0px;border-bottom-right-radius:0px;border-bottom-left-radius:0px;}.kadence-column533_f0301b-59 > .kt-inside-inner-col{column-gap:var(--global-kb-gap-sm, 1rem);}.kadence-column533_f0301b-59 > .kt-inside-inner-col{flex-direction:column;}.kadence-column533_f0301b-59 > .kt-inside-inner-col > .aligncenter{width:100%;}.kadence-column533_f0301b-59 > .kt-inside-inner-col:before{opacity:0.3;}.kadence-column533_f0301b-59{position:relative;}@media all and (max-width: 1024px){.kadence-column533_f0301b-59 > .kt-inside-inner-col{flex-direction:column;justify-content:center;}}@media all and (max-width: 767px){.kadence-column533_f0301b-59 > .kt-inside-inner-col{flex-direction:column;justify-content:center;}}<\/style>\n<div class=\"wp-block-kadence-column kadence-column533_f0301b-59\"><div class=\"kt-inside-inner-col\"><style>.wp-block-kadence-advancedheading.kt-adv-heading533_382ed4-ee, .wp-block-kadence-advancedheading.kt-adv-heading533_382ed4-ee[data-kb-block=\"kb-adv-heading533_382ed4-ee\"]{text-align:center;font-size:var(--global-kb-font-size-xl, 3rem);line-height:1.3;font-weight:700;font-style:normal;text-transform:uppercase;}.wp-block-kadence-advancedheading.kt-adv-heading533_382ed4-ee mark.kt-highlight, .wp-block-kadence-advancedheading.kt-adv-heading533_382ed4-ee[data-kb-block=\"kb-adv-heading533_382ed4-ee\"] mark.kt-highlight{font-style:normal;color:#f76a0c;-webkit-box-decoration-break:clone;box-decoration-break:clone;padding-top:0px;padding-right:0px;padding-bottom:0px;padding-left:0px;}.wp-block-kadence-advancedheading.kt-adv-heading533_382ed4-ee img.kb-inline-image, .wp-block-kadence-advancedheading.kt-adv-heading533_382ed4-ee[data-kb-block=\"kb-adv-heading533_382ed4-ee\"] img.kb-inline-image{width:150px;vertical-align:baseline;}<\/style>\n<h2 class=\"kt-adv-heading533_382ed4-ee wp-block-kadence-advancedheading has-theme-palette-9-color has-text-color\" data-kb-block=\"kb-adv-heading533_382ed4-ee\">Visualisez nos produits en action<\/h2>\n<\/div><\/div>\n\n\n<style>.kadence-column533_f9ad9a-62 > .kt-inside-inner-col,.kadence-column533_f9ad9a-62 > .kt-inside-inner-col:before{border-top-left-radius:0px;border-top-right-radius:0px;border-bottom-right-radius:0px;border-bottom-left-radius:0px;}.kadence-column533_f9ad9a-62 > .kt-inside-inner-col{column-gap:var(--global-kb-gap-sm, 1rem);}.kadence-column533_f9ad9a-62 > .kt-inside-inner-col{flex-direction:column;}.kadence-column533_f9ad9a-62 > .kt-inside-inner-col > .aligncenter{width:100%;}.kadence-column533_f9ad9a-62 > .kt-inside-inner-col:before{opacity:0.3;}.kadence-column533_f9ad9a-62{position:relative;}@media all and (max-width: 1024px){.kadence-column533_f9ad9a-62 > .kt-inside-inner-col{flex-direction:column;justify-content:center;}}@media all and (max-width: 767px){.kadence-column533_f9ad9a-62 > .kt-inside-inner-col{flex-direction:column;justify-content:center;}}<\/style>\n<div class=\"wp-block-kadence-column kadence-column533_f9ad9a-62\"><div class=\"kt-inside-inner-col\"><style>.kb-row-layout-id533_721b1b-f1 > .kt-row-column-wrap{align-content:start;}:where(.kb-row-layout-id533_721b1b-f1 > .kt-row-column-wrap) > .wp-block-kadence-column{justify-content:start;}.kb-row-layout-id533_721b1b-f1 > .kt-row-column-wrap{column-gap:var(--global-kb-gap-md, 2rem);row-gap:var(--global-kb-gap-md, 2rem);padding-top:var(--global-kb-spacing-sm, 1.5rem);padding-bottom:var(--global-kb-spacing-sm, 1.5rem);grid-template-columns:repeat(2, minmax(0, 1fr));}.kb-row-layout-id533_721b1b-f1 > .kt-row-layout-overlay{opacity:0.30;}@media all and (max-width: 1024px){.kb-row-layout-id533_721b1b-f1 > .kt-row-column-wrap{grid-template-columns:repeat(2, minmax(0, 1fr));}}@media all and (max-width: 767px){.kb-row-layout-id533_721b1b-f1 > .kt-row-column-wrap{grid-template-columns:minmax(0, 1fr);}}<\/style><div class=\"kb-row-layout-wrap kb-row-layout-id533_721b1b-f1 alignnone wp-block-kadence-rowlayout\"><div class=\"kt-row-column-wrap kt-has-2-columns kt-row-layout-equal kt-tab-layout-inherit kt-mobile-layout-row kt-row-valign-top\">\n<style>.kadence-column533_82a2f6-9a > .kt-inside-inner-col,.kadence-column533_82a2f6-9a > .kt-inside-inner-col:before{border-top-left-radius:0px;border-top-right-radius:0px;border-bottom-right-radius:0px;border-bottom-left-radius:0px;}.kadence-column533_82a2f6-9a > .kt-inside-inner-col{column-gap:var(--global-kb-gap-sm, 1rem);}.kadence-column533_82a2f6-9a > .kt-inside-inner-col{flex-direction:column;}.kadence-column533_82a2f6-9a > .kt-inside-inner-col > .aligncenter{width:100%;}.kadence-column533_82a2f6-9a > .kt-inside-inner-col:before{opacity:0.3;}.kadence-column533_82a2f6-9a{position:relative;}@media all and (max-width: 1024px){.kadence-column533_82a2f6-9a > .kt-inside-inner-col{flex-direction:column;justify-content:center;}}@media all and (max-width: 767px){.kadence-column533_82a2f6-9a > .kt-inside-inner-col{flex-direction:column;justify-content:center;}}<\/style>\n<div class=\"wp-block-kadence-column kadence-column533_82a2f6-9a\"><div class=\"kt-inside-inner-col\">\n<h2 class=\"wp-block-heading has-text-align-center has-theme-palette-9-color has-text-color has-link-color wp-elements-295267e7989771c76cbd40f10b3990d4\">Fabrication des fen\u00eatres Eze Sun<\/h2>\n\n\n\n<figure class=\"wp-block-video\"><video height=\"1080\" style=\"aspect-ratio: 1920 \/ 1080;\" width=\"1920\" controls poster=\"https:\/\/solariumezesun.com\/wp-content\/uploads\/2026\/02\/Screenshot-2026-02-17-103120-e1771342418492.png\" preload=\"auto\" src=\"https:\/\/solariumezesun.com\/wp-content\/uploads\/2025\/12\/28-VIDEO-FABRICATION-.mp4\"><\/video><\/figure>\n<\/div><\/div>\n\n\n<style>.kadence-column533_38b6e7-d3 > .kt-inside-inner-col,.kadence-column533_38b6e7-d3 > .kt-inside-inner-col:before{border-top-left-radius:0px;border-top-right-radius:0px;border-bottom-right-radius:0px;border-bottom-left-radius:0px;}.kadence-column533_38b6e7-d3 > .kt-inside-inner-col{column-gap:var(--global-kb-gap-sm, 1rem);}.kadence-column533_38b6e7-d3 > .kt-inside-inner-col{flex-direction:column;}.kadence-column533_38b6e7-d3 > .kt-inside-inner-col > .aligncenter{width:100%;}.kadence-column533_38b6e7-d3 > .kt-inside-inner-col:before{opacity:0.3;}.kadence-column533_38b6e7-d3{position:relative;}@media all and (max-width: 1024px){.kadence-column533_38b6e7-d3 > .kt-inside-inner-col{flex-direction:column;justify-content:center;}}@media all and (max-width: 767px){.kadence-column533_38b6e7-d3 > .kt-inside-inner-col{flex-direction:column;justify-content:center;}}<\/style>\n<div class=\"wp-block-kadence-column kadence-column533_38b6e7-d3\"><div class=\"kt-inside-inner-col\">\n<h2 class=\"wp-block-heading has-text-align-center has-theme-palette-9-color has-text-color has-link-color wp-elements-7dc983c95f9ed490f3ba2aadbdc47a1b\">Fen\u00eatres \u00e0 panneaux verticaux<\/h2>\n\n\n\n<figure class=\"wp-block-video\"><video height=\"1080\" style=\"aspect-ratio: 1920 \/ 1080;\" width=\"1920\" controls poster=\"https:\/\/solariumezesun.com\/wp-content\/uploads\/2026\/02\/Screenshot-2026-02-17-103402-e1771342647709.png\" src=\"https:\/\/solariumezesun.com\/wp-content\/uploads\/2025\/12\/gif-fenetres-2.mp4\"><\/video><\/figure>\n<\/div><\/div>\n\n<\/div><\/div>\n\n<style>.kb-row-layout-id533_eadb84-15 > .kt-row-column-wrap{align-content:start;}:where(.kb-row-layout-id533_eadb84-15 > .kt-row-column-wrap) > .wp-block-kadence-column{justify-content:start;}.kb-row-layout-id533_eadb84-15 > .kt-row-column-wrap{column-gap:var(--global-kb-gap-md, 2rem);row-gap:var(--global-kb-gap-md, 2rem);padding-top:var(--global-kb-spacing-sm, 1.5rem);padding-bottom:var(--global-kb-spacing-sm, 1.5rem);grid-template-columns:repeat(2, minmax(0, 1fr));}.kb-row-layout-id533_eadb84-15 > .kt-row-layout-overlay{opacity:0.30;}@media all and (max-width: 1024px){.kb-row-layout-id533_eadb84-15 > .kt-row-column-wrap{grid-template-columns:repeat(2, minmax(0, 1fr));}}@media all and (max-width: 767px){.kb-row-layout-id533_eadb84-15 > .kt-row-column-wrap{grid-template-columns:minmax(0, 1fr);}}<\/style><div class=\"kb-row-layout-wrap kb-row-layout-id533_eadb84-15 alignnone wp-block-kadence-rowlayout\"><div class=\"kt-row-column-wrap kt-has-2-columns kt-row-layout-equal kt-tab-layout-inherit kt-mobile-layout-row kt-row-valign-top\">\n<style>.kadence-column533_6b3243-ed > .kt-inside-inner-col,.kadence-column533_6b3243-ed > .kt-inside-inner-col:before{border-top-left-radius:0px;border-top-right-radius:0px;border-bottom-right-radius:0px;border-bottom-left-radius:0px;}.kadence-column533_6b3243-ed > .kt-inside-inner-col{column-gap:var(--global-kb-gap-sm, 1rem);}.kadence-column533_6b3243-ed > .kt-inside-inner-col{flex-direction:column;}.kadence-column533_6b3243-ed > .kt-inside-inner-col > .aligncenter{width:100%;}.kadence-column533_6b3243-ed > .kt-inside-inner-col:before{opacity:0.3;}.kadence-column533_6b3243-ed{position:relative;}@media all and (max-width: 1024px){.kadence-column533_6b3243-ed > .kt-inside-inner-col{flex-direction:column;justify-content:center;}}@media all and (max-width: 767px){.kadence-column533_6b3243-ed > .kt-inside-inner-col{flex-direction:column;justify-content:center;}}<\/style>\n<div class=\"wp-block-kadence-column kadence-column533_6b3243-ed\"><div class=\"kt-inside-inner-col\">\n<h2 class=\"wp-block-heading has-text-align-center has-theme-palette-9-color has-text-color has-link-color wp-elements-ee8b7e8f7cd989248ab18a7a60defb21\">Toile Solaire pour Patio<\/h2>\n\n\n\n<figure class=\"wp-block-video aligncenter\"><video height=\"1080\" style=\"aspect-ratio: 1800 \/ 1080;\" width=\"1800\" controls poster=\"https:\/\/solariumezesun.com\/wp-content\/uploads\/2026\/03\/Screenshot-2026-03-01-064615-e1772365637300.png\" preload=\"auto\" src=\"https:\/\/solariumezesun.com\/wp-content\/uploads\/2026\/03\/toile-solaire-pergola-patio.mp4\"><\/video><\/figure>\n<\/div><\/div>\n\n\n<style>.kadence-column533_cf2d6b-07 > .kt-inside-inner-col,.kadence-column533_cf2d6b-07 > .kt-inside-inner-col:before{border-top-left-radius:0px;border-top-right-radius:0px;border-bottom-right-radius:0px;border-bottom-left-radius:0px;}.kadence-column533_cf2d6b-07 > .kt-inside-inner-col{column-gap:var(--global-kb-gap-sm, 1rem);}.kadence-column533_cf2d6b-07 > .kt-inside-inner-col{flex-direction:column;}.kadence-column533_cf2d6b-07 > .kt-inside-inner-col > .aligncenter{width:100%;}.kadence-column533_cf2d6b-07 > .kt-inside-inner-col:before{opacity:0.3;}.kadence-column533_cf2d6b-07{position:relative;}@media all and (max-width: 1024px){.kadence-column533_cf2d6b-07 > .kt-inside-inner-col{flex-direction:column;justify-content:center;}}@media all and (max-width: 767px){.kadence-column533_cf2d6b-07 > .kt-inside-inner-col{flex-direction:column;justify-content:center;}}<\/style>\n<div class=\"wp-block-kadence-column kadence-column533_cf2d6b-07\"><div class=\"kt-inside-inner-col\">\n<h2 class=\"wp-block-heading has-text-align-center has-theme-palette-9-color has-text-color has-link-color wp-elements-c66a197ed3df465426484b740a4bf555\">Pergola Signature<\/h2>\n\n\n\n<figure style=\"margin-top:var(--wp--preset--spacing--50);margin-bottom:var(--wp--preset--spacing--50)\" class=\"wp-block-video\"><video height=\"1080\" style=\"aspect-ratio: 1800 \/ 1080;\" width=\"1800\" controls src=\"https:\/\/solariumezesun.com\/wp-content\/uploads\/2026\/03\/capri-pergola.mp4\"><\/video><\/figure>\n<\/div><\/div>\n\n<\/div><\/div>\n\n<style>.kb-row-layout-id533_37793b-85 > .kt-row-column-wrap{align-content:start;}:where(.kb-row-layout-id533_37793b-85 > .kt-row-column-wrap) > .wp-block-kadence-column{justify-content:start;}.kb-row-layout-id533_37793b-85 > .kt-row-column-wrap{column-gap:var(--global-kb-gap-md, 2rem);row-gap:var(--global-kb-gap-md, 2rem);padding-top:var(--global-kb-spacing-sm, 1.5rem);padding-bottom:var(--global-kb-spacing-sm, 1.5rem);grid-template-columns:minmax(0, calc(50% - ((var(--global-kb-gap-md, 2rem) * 1 )\/2)))minmax(0, calc(50% - ((var(--global-kb-gap-md, 2rem) * 1 )\/2)));}.kb-row-layout-id533_37793b-85 > .kt-row-layout-overlay{opacity:0.30;}@media all and (max-width: 1024px){.kb-row-layout-id533_37793b-85 > .kt-row-column-wrap{grid-template-columns:repeat(2, minmax(0, 1fr));}}@media all and (max-width: 767px){.kb-row-layout-id533_37793b-85 > .kt-row-column-wrap{grid-template-columns:minmax(0, 1fr);}}<\/style><div class=\"kb-row-layout-wrap kb-row-layout-id533_37793b-85 alignnone wp-block-kadence-rowlayout\"><div class=\"kt-row-column-wrap kt-has-2-columns kt-row-layout-equal kt-tab-layout-inherit kt-mobile-layout-row kt-row-valign-top\">\n<style>.kadence-column533_829a6f-2f > .kt-inside-inner-col,.kadence-column533_829a6f-2f > .kt-inside-inner-col:before{border-top-left-radius:0px;border-top-right-radius:0px;border-bottom-right-radius:0px;border-bottom-left-radius:0px;}.kadence-column533_829a6f-2f > .kt-inside-inner-col{column-gap:var(--global-kb-gap-sm, 1rem);}.kadence-column533_829a6f-2f > .kt-inside-inner-col{flex-direction:column;}.kadence-column533_829a6f-2f > .kt-inside-inner-col > .aligncenter{width:100%;}.kadence-column533_829a6f-2f > .kt-inside-inner-col:before{opacity:0.3;}.kadence-column533_829a6f-2f{position:relative;}@media all and (max-width: 1024px){.kadence-column533_829a6f-2f > .kt-inside-inner-col{flex-direction:column;justify-content:center;}}@media all and (max-width: 767px){.kadence-column533_829a6f-2f > .kt-inside-inner-col{flex-direction:column;justify-content:center;}}<\/style>\n<div class=\"wp-block-kadence-column kadence-column533_829a6f-2f\"><div class=\"kt-inside-inner-col\">\n<h2 class=\"wp-block-heading has-text-align-center has-theme-palette-9-color has-text-color has-link-color wp-elements-0316543b596646f4f79dda5b22731ee8\">Projet r\u00e9sidentiel<\/h2>\n\n\n\n<figure class=\"wp-block-video\"><video height=\"480\" style=\"aspect-ratio: 854 \/ 480;\" width=\"854\" controls muted poster=\"https:\/\/solariumezesun.com\/wp-content\/uploads\/2026\/02\/Screenshot-2026-02-17-103423-e1771342687443.png\" src=\"https:\/\/solariumezesun.com\/wp-content\/uploads\/2025\/12\/patio-neige.mp4\"><\/video><\/figure>\n<\/div><\/div>\n\n\n<style>.kadence-column533_da8fe2-bd > .kt-inside-inner-col,.kadence-column533_da8fe2-bd > .kt-inside-inner-col:before{border-top-left-radius:0px;border-top-right-radius:0px;border-bottom-right-radius:0px;border-bottom-left-radius:0px;}.kadence-column533_da8fe2-bd > .kt-inside-inner-col{column-gap:var(--global-kb-gap-sm, 1rem);}.kadence-column533_da8fe2-bd > .kt-inside-inner-col{flex-direction:column;}.kadence-column533_da8fe2-bd > .kt-inside-inner-col > .aligncenter{width:100%;}.kadence-column533_da8fe2-bd > .kt-inside-inner-col:before{opacity:0.3;}.kadence-column533_da8fe2-bd{position:relative;}@media all and (max-width: 1024px){.kadence-column533_da8fe2-bd > .kt-inside-inner-col{flex-direction:column;justify-content:center;}}@media all and (max-width: 767px){.kadence-column533_da8fe2-bd > .kt-inside-inner-col{flex-direction:column;justify-content:center;}}<\/style>\n<div class=\"wp-block-kadence-column kadence-column533_da8fe2-bd\"><div class=\"kt-inside-inner-col\">\n<h2 class=\"wp-block-heading has-text-align-center has-theme-palette-9-color has-text-color has-link-color wp-elements-7dc983c95f9ed490f3ba2aadbdc47a1b\">Fen\u00eatres \u00e0 panneaux verticaux<\/h2>\n\n\n\n<figure class=\"wp-block-video\"><video height=\"1080\" style=\"aspect-ratio: 1920 \/ 1080;\" width=\"1920\" controls muted src=\"https:\/\/solariumezesun.com\/wp-content\/uploads\/2025\/12\/29-Opening_Window-copie-copy.mp4\"><\/video><\/figure>\n<\/div><\/div>\n\n<\/div><\/div>\n\n<style>.kb-row-layout-id533_e86744-8c > .kt-row-column-wrap{align-content:start;}:where(.kb-row-layout-id533_e86744-8c > .kt-row-column-wrap) > .wp-block-kadence-column{justify-content:start;}.kb-row-layout-id533_e86744-8c > .kt-row-column-wrap{column-gap:var(--global-kb-gap-md, 2rem);row-gap:var(--global-kb-gap-md, 2rem);padding-top:var(--global-kb-spacing-sm, 1.5rem);padding-bottom:var(--global-kb-spacing-sm, 1.5rem);grid-template-columns:repeat(2, minmax(0, 1fr));}.kb-row-layout-id533_e86744-8c > .kt-row-layout-overlay{opacity:0.30;}@media all and (max-width: 1024px){.kb-row-layout-id533_e86744-8c > .kt-row-column-wrap{grid-template-columns:repeat(2, minmax(0, 1fr));}}@media all and (max-width: 767px){.kb-row-layout-id533_e86744-8c > .kt-row-column-wrap{grid-template-columns:minmax(0, 1fr);}}<\/style><div class=\"kb-row-layout-wrap kb-row-layout-id533_e86744-8c alignnone wp-block-kadence-rowlayout\"><div class=\"kt-row-column-wrap kt-has-2-columns kt-row-layout-equal kt-tab-layout-inherit kt-mobile-layout-row kt-row-valign-top\">\n<style>.kadence-column533_c09c21-13 > .kt-inside-inner-col,.kadence-column533_c09c21-13 > .kt-inside-inner-col:before{border-top-left-radius:0px;border-top-right-radius:0px;border-bottom-right-radius:0px;border-bottom-left-radius:0px;}.kadence-column533_c09c21-13 > .kt-inside-inner-col{column-gap:var(--global-kb-gap-sm, 1rem);}.kadence-column533_c09c21-13 > .kt-inside-inner-col{flex-direction:column;}.kadence-column533_c09c21-13 > .kt-inside-inner-col > .aligncenter{width:100%;}.kadence-column533_c09c21-13 > .kt-inside-inner-col:before{opacity:0.3;}.kadence-column533_c09c21-13{position:relative;}@media all and (max-width: 1024px){.kadence-column533_c09c21-13 > .kt-inside-inner-col{flex-direction:column;justify-content:center;}}@media all and (max-width: 767px){.kadence-column533_c09c21-13 > .kt-inside-inner-col{flex-direction:column;justify-content:center;}}<\/style>\n<div class=\"wp-block-kadence-column kadence-column533_c09c21-13\"><div class=\"kt-inside-inner-col\">\n<h2 class=\"wp-block-heading has-text-align-center has-theme-palette-9-color has-text-color has-link-color wp-elements-8dc56c92d0f7b941be5488a99bd3f531\">Pergola Signature avec  portes coulissantes en verre 10 mm <\/h2>\n\n\n\n<figure class=\"wp-block-video\"><video height=\"800\" style=\"aspect-ratio: 800 \/ 800;\" width=\"800\" controls poster=\"https:\/\/solariumezesun.com\/wp-content\/uploads\/2026\/03\/Screenshot-2026-03-01-063415-e1772364919340.png\" src=\"https:\/\/solariumezesun.com\/wp-content\/uploads\/2025\/12\/02-VIDEO-PERGOLA-SIGN-.mp4\"><\/video><\/figure>\n<\/div><\/div>\n\n\n<style>.kadence-column533_a8d460-ff > .kt-inside-inner-col,.kadence-column533_a8d460-ff > .kt-inside-inner-col:before{border-top-left-radius:0px;border-top-right-radius:0px;border-bottom-right-radius:0px;border-bottom-left-radius:0px;}.kadence-column533_a8d460-ff > .kt-inside-inner-col{column-gap:var(--global-kb-gap-sm, 1rem);}.kadence-column533_a8d460-ff > .kt-inside-inner-col{flex-direction:column;}.kadence-column533_a8d460-ff > .kt-inside-inner-col > .aligncenter{width:100%;}.kadence-column533_a8d460-ff > .kt-inside-inner-col:before{opacity:0.3;}.kadence-column533_a8d460-ff{position:relative;}@media all and (max-width: 1024px){.kadence-column533_a8d460-ff > .kt-inside-inner-col{flex-direction:column;justify-content:center;}}@media all and (max-width: 767px){.kadence-column533_a8d460-ff > .kt-inside-inner-col{flex-direction:column;justify-content:center;}}<\/style>\n<div class=\"wp-block-kadence-column kadence-column533_a8d460-ff\"><div class=\"kt-inside-inner-col\">\n<h2 class=\"wp-block-heading has-text-align-center has-theme-palette-9-color has-text-color has-link-color wp-elements-6f17f2d5b10642f3c61f45853f576ea0\">Portes Coulissantes<\/h2>\n\n\n\n<figure style=\"padding-top:0px;padding-right:var(--wp--preset--spacing--40);padding-bottom:0px;padding-left:var(--wp--preset--spacing--40)\" class=\"wp-block-video\"><video height=\"480\" style=\"aspect-ratio: 848 \/ 480;\" width=\"848\" controls muted poster=\"https:\/\/solariumezesun.com\/wp-content\/uploads\/2026\/03\/Screenshot-2026-03-01-063559.png\" src=\"https:\/\/solariumezesun.com\/wp-content\/uploads\/2026\/03\/VIDEO-2025-07-10-13-52-14.mp4\"><\/video><\/figure>\n<\/div><\/div>\n\n<\/div><\/div><\/div><\/div>\n\n\n<style>.kadence-column533_3cdd37-f8 > .kt-inside-inner-col,.kadence-column533_3cdd37-f8 > .kt-inside-inner-col:before{border-top-left-radius:0px;border-top-right-radius:0px;border-bottom-right-radius:0px;border-bottom-left-radius:0px;}.kadence-column533_3cdd37-f8 > .kt-inside-inner-col{column-gap:var(--global-kb-gap-sm, 1rem);}.kadence-column533_3cdd37-f8 > .kt-inside-inner-col{flex-direction:column;}.kadence-column533_3cdd37-f8 > .kt-inside-inner-col > .aligncenter{width:100%;}.kadence-column533_3cdd37-f8 > .kt-inside-inner-col:before{opacity:0.3;}.kadence-column533_3cdd37-f8{position:relative;}@media all and (max-width: 1024px){.kadence-column533_3cdd37-f8 > .kt-inside-inner-col{flex-direction:column;justify-content:center;}}@media all and (max-width: 767px){.kadence-column533_3cdd37-f8 > .kt-inside-inner-col{flex-direction:column;justify-content:center;}}<\/style>\n<div class=\"wp-block-kadence-column kadence-column533_3cdd37-f8\"><div class=\"kt-inside-inner-col\"><style>.kadence-column533_79c6e7-3d > .kt-inside-inner-col,.kadence-column533_79c6e7-3d > .kt-inside-inner-col:before{border-top-left-radius:0px;border-top-right-radius:0px;border-bottom-right-radius:0px;border-bottom-left-radius:0px;}.kadence-column533_79c6e7-3d > .kt-inside-inner-col{column-gap:var(--global-kb-gap-sm, 1rem);}.kadence-column533_79c6e7-3d > .kt-inside-inner-col{flex-direction:column;}.kadence-column533_79c6e7-3d > .kt-inside-inner-col > .aligncenter{width:100%;}.kadence-column533_79c6e7-3d > .kt-inside-inner-col:before{opacity:0.3;}.kadence-column533_79c6e7-3d{position:relative;}@media all and (max-width: 1024px){.kadence-column533_79c6e7-3d > .kt-inside-inner-col{flex-direction:column;justify-content:center;}}@media all and (max-width: 767px){.kadence-column533_79c6e7-3d > .kt-inside-inner-col{flex-direction:column;justify-content:center;}}<\/style>\n<div class=\"wp-block-kadence-column kadence-column533_79c6e7-3d\"><div class=\"kt-inside-inner-col\"><\/div><\/div>\n<\/div><\/div>\n\n<\/div><\/div>\n\n\n<p><\/p>\n","protected":false},"excerpt":{"rendered":"<p>Visualisez nos produits en action Fabrication des fen\u00eatres Eze Sun Fen\u00eatres \u00e0 panneaux verticaux Toile Solaire pour Patio Pergola Signature Projet r\u00e9sidentiel Fen\u00eatres \u00e0 panneaux verticaux Pergola Signature avec portes coulissantes en verre 10 mm Portes Coulissantes<\/p>","protected":false},"author":1,"featured_media":0,"parent":0,"menu_order":0,"comment_status":"closed","ping_status":"closed","template":"","meta":{"_kadence_starter_templates_imported_post":false,"_kad_post_transparent":"","_kad_post_title":"","_kad_post_layout":"","_kad_post_sidebar_id":"","_kad_post_content_style":"","_kad_post_vertical_padding":"","_kad_post_feature":"","_kad_post_feature_position":"","_kad_post_header":false,"_kad_post_footer":false,"_kad_post_classname":"","footnotes":""},"class_list":["post-533","page","type-page","status-publish","hentry"],"_hostinger_reach_plugin_has_subscription_block":false,"_hostinger_reach_plugin_is_elementor":false,"_links":{"self":[{"href":"https:\/\/solariumezesun.com\/en\/wp-json\/wp\/v2\/pages\/533","targetHints":{"allow":["GET"]}}],"collection":[{"href":"https:\/\/solariumezesun.com\/en\/wp-json\/wp\/v2\/pages"}],"about":[{"href":"https:\/\/solariumezesun.com\/en\/wp-json\/wp\/v2\/types\/page"}],"author":[{"embeddable":true,"href":"https:\/\/solariumezesun.com\/en\/wp-json\/wp\/v2\/users\/1"}],"replies":[{"embeddable":true,"href":"https:\/\/solariumezesun.com\/en\/wp-json\/wp\/v2\/comments?post=533"}],"version-history":[{"count":12,"href":"https:\/\/solariumezesun.com\/en\/wp-json\/wp\/v2\/pages\/533\/revisions"}],"predecessor-version":[{"id":1130,"href":"https:\/\/solariumezesun.com\/en\/wp-json\/wp\/v2\/pages\/533\/revisions\/1130"}],"wp:attachment":[{"href":"https:\/\/solariumezesun.com\/en\/wp-json\/wp\/v2\/media?parent=533"}],"curies":[{"name":"wp","href":"https:\/\/api.w.org\/{rel}","templated":true}]}}